{"id":41,"date":"2024-03-21T14:25:33","date_gmt":"2024-03-21T13:25:33","guid":{"rendered":"https:\/\/leviacom.fr\/?page_id=41"},"modified":"2026-03-06T09:49:47","modified_gmt":"2026-03-06T08:49:47","slug":"accueil","status":"publish","type":"page","link":"https:\/\/leviacom.fr\/","title":{"rendered":"Accueil"},"content":{"rendered":"\n<div class=\"wp-block-cover alignfull has-parallax\" style=\"border-style:none;border-width:0px;border-radius:0px\"><div class=\"wp-block-cover__image-background wp-image-26 has-parallax\" style=\"background-position:50% 50%;background-image:url(http:\/\/leviacom.fr\/wp-content\/uploads\/2024\/03\/BG.png)\"><\/div><span aria-hidden=\"true\" class=\"wp-block-cover__background has-background-dim-0 has-background-dim\"><\/span><div class=\"wp-block-cover__inner-container has-global-padding is-layout-constrained wp-block-cover-is-layout-constrained\">\n<figure class=\"wp-block-image aligncenter size-full is-resized is-style-default\"><img decoding=\"async\" width=\"600\" height=\"600\" src=\"https:\/\/leviacom.fr\/wp-content\/uploads\/2024\/03\/LogoTexte.png\" alt=\"Logo Levia'Com\" class=\"wp-image-47\" style=\"width:463px;height:auto\" srcset=\"https:\/\/leviacom.fr\/wp-content\/uploads\/2024\/03\/LogoTexte.png 600w, https:\/\/leviacom.fr\/wp-content\/uploads\/2024\/03\/LogoTexte-300x300.png 300w, https:\/\/leviacom.fr\/wp-content\/uploads\/2024\/03\/LogoTexte-150x150.png 150w\" sizes=\"(max-width: 600px) 100vw, 600px\" \/><\/figure>\n\n\n\n<div class=\"wp-block-buttons is-content-justification-center is-layout-flex wp-container-core-buttons-is-layout-a89b3969 wp-block-buttons-is-layout-flex\">\n<div class=\"wp-block-button\"><a class=\"wp-block-button__link has-text-color has-background has-link-color wp-element-button\" href=\"https:\/\/leviacom.fr\/index.php\/portfolio\/\" style=\"border-radius:100px;color:#000521;background-color:#f0eec8\">D\u00e9couvrir mon Portfolio<\/a><\/div>\n<\/div>\n\n\n\n<div style=\"height:30px\" aria-hidden=\"true\" class=\"wp-block-spacer\"><\/div>\n<\/div><\/div>\n\n\n\n<div style=\"height:60px\" aria-hidden=\"true\" class=\"wp-block-spacer\"><\/div>\n\n\n\n<div class=\"wp-block-columns alignwide is-layout-flex wp-container-core-columns-is-layout-03879450 wp-block-columns-is-layout-flex\" style=\"margin-top:0;margin-bottom:0;padding-right:var(--wp--preset--spacing--50);padding-left:var(--wp--preset--spacing--50)\">\n<div class=\"wp-block-column is-vertically-aligned-center is-layout-flow wp-block-column-is-layout-flow\">\n<figure class=\"wp-block-image aligncenter size-full is-resized\"><img decoding=\"async\" width=\"1844\" height=\"2071\" src=\"https:\/\/leviacom.fr\/wp-content\/uploads\/2024\/03\/Conception-1.png\" alt=\"\" class=\"wp-image-338\" style=\"width:77px;height:auto\" srcset=\"https:\/\/leviacom.fr\/wp-content\/uploads\/2024\/03\/Conception-1.png 1844w, https:\/\/leviacom.fr\/wp-content\/uploads\/2024\/03\/Conception-1-267x300.png 267w, https:\/\/leviacom.fr\/wp-content\/uploads\/2024\/03\/Conception-1-912x1024.png 912w, https:\/\/leviacom.fr\/wp-content\/uploads\/2024\/03\/Conception-1-768x863.png 768w, https:\/\/leviacom.fr\/wp-content\/uploads\/2024\/03\/Conception-1-1368x1536.png 1368w, https:\/\/leviacom.fr\/wp-content\/uploads\/2024\/03\/Conception-1-1824x2048.png 1824w\" sizes=\"(max-width: 1844px) 100vw, 1844px\" \/><\/figure>\n\n\n\n<h2 class=\"wp-block-heading has-text-align-center\">Conception<\/h2>\n\n\n\n<p>La conception d&rsquo;un support visuel, quel qu&rsquo;il soit, n\u00e9cessite un travail de recherche et de veille pour pouvoir s&rsquo;adapter \u00e0 vos envies et au courant graphique actuel. Chaque support a ses r\u00e8gles de r\u00e9alisation. C&rsquo;est pourquoi, pour chacun de vos projets je vous propose la formule ad\u00e9quate.<\/p>\n\n\n\n<div class=\"wp-block-buttons is-content-justification-center is-layout-flex wp-container-core-buttons-is-layout-a89b3969 wp-block-buttons-is-layout-flex\">\n<div class=\"wp-block-button\"><a class=\"wp-block-button__link has-base-color has-text-color has-background has-link-color wp-element-button\" href=\"https:\/\/leviacom.fr\/index.php\/services\/\" style=\"border-radius:100px;background-color:#00334e\">En savoir +<\/a><\/div>\n<\/div>\n<\/div>\n\n\n\n<div class=\"wp-block-column is-layout-flow wp-block-column-is-layout-flow\">\n<figure class=\"wp-block-image aligncenter size-full is-resized\"><img decoding=\"async\" width=\"1764\" height=\"2071\" src=\"https:\/\/leviacom.fr\/wp-content\/uploads\/2024\/03\/Flexibilite.png\" alt=\"\" class=\"wp-image-342\" style=\"width:77px;height:auto\" srcset=\"https:\/\/leviacom.fr\/wp-content\/uploads\/2024\/03\/Flexibilite.png 1764w, https:\/\/leviacom.fr\/wp-content\/uploads\/2024\/03\/Flexibilite-256x300.png 256w, https:\/\/leviacom.fr\/wp-content\/uploads\/2024\/03\/Flexibilite-872x1024.png 872w, https:\/\/leviacom.fr\/wp-content\/uploads\/2024\/03\/Flexibilite-768x902.png 768w, https:\/\/leviacom.fr\/wp-content\/uploads\/2024\/03\/Flexibilite-1308x1536.png 1308w, https:\/\/leviacom.fr\/wp-content\/uploads\/2024\/03\/Flexibilite-1744x2048.png 1744w\" sizes=\"(max-width: 1764px) 100vw, 1764px\" \/><\/figure>\n\n\n\n<h2 class=\"wp-block-heading has-text-align-center\">Flexibilit\u00e9<\/h2>\n\n\n\n<p>Gr\u00e2ce \u00e0 mes diff\u00e9rentes exp\u00e9riences, j&rsquo;ai eu l&rsquo;occasion de r\u00e9aliser des supports visuels tous plus vari\u00e9s les uns que les autres. Ce qui a pu m&rsquo;offrir une flexibilit\u00e9 pour pouvoir r\u00e9aliser vos futurs supports \u00e0 votre image.<\/p>\n\n\n\n<div class=\"wp-block-buttons is-content-justification-center is-layout-flex wp-container-core-buttons-is-layout-a89b3969 wp-block-buttons-is-layout-flex\">\n<div class=\"wp-block-button\"><a class=\"wp-block-button__link has-base-color has-text-color has-background has-link-color wp-element-button\" href=\"https:\/\/leviacom.fr\/index.php\/services\/\" style=\"border-radius:100px;background-color:#00334e\">En savoir +<\/a><\/div>\n<\/div>\n<\/div>\n\n\n\n<div class=\"wp-block-column is-layout-flow wp-block-column-is-layout-flow\">\n<figure class=\"wp-block-image aligncenter size-full is-resized\"><img decoding=\"async\" width=\"2071\" height=\"2071\" src=\"https:\/\/leviacom.fr\/wp-content\/uploads\/2024\/03\/Image.png\" alt=\"\" class=\"wp-image-340\" style=\"width:77px;height:auto\" srcset=\"https:\/\/leviacom.fr\/wp-content\/uploads\/2024\/03\/Image.png 2071w, https:\/\/leviacom.fr\/wp-content\/uploads\/2024\/03\/Image-300x300.png 300w, https:\/\/leviacom.fr\/wp-content\/uploads\/2024\/03\/Image-1024x1024.png 1024w, https:\/\/leviacom.fr\/wp-content\/uploads\/2024\/03\/Image-150x150.png 150w, https:\/\/leviacom.fr\/wp-content\/uploads\/2024\/03\/Image-768x768.png 768w, https:\/\/leviacom.fr\/wp-content\/uploads\/2024\/03\/Image-1536x1536.png 1536w, https:\/\/leviacom.fr\/wp-content\/uploads\/2024\/03\/Image-2048x2048.png 2048w\" sizes=\"(max-width: 2071px) 100vw, 2071px\" \/><\/figure>\n\n\n\n<h2 class=\"wp-block-heading has-text-align-center\">Votre image<\/h2>\n\n\n\n<p class=\"has-text-align-left\">Votre structure est unique, c&rsquo;est pourquoi elle n\u00e9cessite une communication visuelle tout aussi unique. Chaque support doit vous repr\u00e9senter et transmettre vos valeurs. Que vous partiez de z\u00e9ro ou que vous ayez besoin de nouveaux visuels, je saurais r\u00e9pondre \u00e0 toutes vos attentes.<\/p>\n\n\n\n<div class=\"wp-block-buttons is-content-justification-center is-layout-flex wp-container-core-buttons-is-layout-a89b3969 wp-block-buttons-is-layout-flex\">\n<div class=\"wp-block-button\"><a class=\"wp-block-button__link has-base-color has-text-color has-background has-link-color wp-element-button\" href=\"https:\/\/leviacom.fr\/index.php\/services\/\" style=\"border-radius:100px;background-color:#00334e\">En savoir +<\/a><\/div>\n<\/div>\n<\/div>\n<\/div>\n\n\n\n<p><\/p>\n\n\n\n<div style=\"height:60px\" aria-hidden=\"true\" class=\"wp-block-spacer\"><\/div>\n\n\n\n<div class=\"wp-block-cover alignfull has-parallax\"><div class=\"wp-block-cover__image-background wp-image-160 has-parallax\" style=\"background-position:50% 50%;background-image:url(http:\/\/leviacom.fr\/wp-content\/uploads\/2024\/03\/SpeedRun-1.jpg)\"><\/div><span aria-hidden=\"true\" class=\"wp-block-cover__background has-background-dim\"><\/span><div class=\"wp-block-cover__inner-container has-global-padding is-layout-constrained wp-block-cover-is-layout-constrained\">\n<h2 class=\"wp-block-heading has-text-align-center has-base-2-color has-text-color has-link-color wp-elements-2667a1a30f9db7c5e967d6f11eced2d8\" style=\"text-transform:uppercase\">Une id\u00e9e de projet ?<\/h2>\n\n\n\n<p class=\"has-text-align-center has-base-color has-text-color has-link-color wp-elements-74b909d450df109be4ff95896ad7f8ad\">Quelles que soient vos envies, contactez moi pour en discuter et je leur donnerais vie<\/p>\n\n\n\n<div class=\"wp-block-buttons is-content-justification-center is-layout-flex wp-container-core-buttons-is-layout-a89b3969 wp-block-buttons-is-layout-flex\">\n<div class=\"wp-block-button\"><a class=\"wp-block-button__link has-background wp-element-button\" style=\"border-radius:100px;background-color:#00334e\">Discutons de votre projet<\/a><\/div>\n<\/div>\n<\/div><\/div>\n\n\n\n<div style=\"height:60px\" aria-hidden=\"true\" class=\"wp-block-spacer\"><\/div>\n\n\n\n<div class=\"wp-block-columns alignwide are-vertically-aligned-center is-layout-flex wp-container-core-columns-is-layout-e90822e5 wp-block-columns-is-layout-flex\" style=\"border-style:none;border-width:0px;border-radius:0px;padding-right:0;padding-bottom:0;padding-left:0\">\n<div class=\"wp-block-column is-vertically-aligned-center is-layout-flow wp-block-column-is-layout-flow\" style=\"flex-basis:50%\">\n<div class=\"wp-block-uagb-slider uagb-block-ac8b4962 uagb-slider-container\"><div class=\"uagb-slides uagb-swiper\"><div class=\"swiper-wrapper\">\n<div class=\"wp-block-uagb-slider-child uagb-slider-child-wrap swiper-slide uagb-block-0c7868d0\"><div class=\"swiper-content\">\n<div class=\"wp-block-uagb-container uagb-block-d50707bb alignfull uagb-is-root-container\"><div class=\"uagb-container-inner-blocks-wrap\">\n<figure class=\"wp-block-image size-large\"><img decoding=\"async\" src=\"https:\/\/leviacom.fr\/wp-content\/uploads\/2024\/03\/BookRenoir2023-1-1024x1024.png\" alt=\"\" class=\"wp-image-107\"\/><\/figure>\n<\/div><\/div>\n<\/div><\/div>\n\n\n\n<div class=\"wp-block-uagb-slider-child uagb-slider-child-wrap swiper-slide uagb-block-12213dc5\"><div class=\"swiper-content\">\n<div class=\"wp-block-uagb-container uagb-block-0ae805a4 alignfull uagb-is-root-container\"><div class=\"uagb-container-inner-blocks-wrap\">\n<figure class=\"wp-block-image size-large\"><img decoding=\"async\" width=\"1024\" height=\"1024\" src=\"https:\/\/leviacom.fr\/wp-content\/uploads\/2024\/03\/DepliantEMD_2-1024x1024.png\" alt=\"\" class=\"wp-image-108\" srcset=\"https:\/\/leviacom.fr\/wp-content\/uploads\/2024\/03\/DepliantEMD_2-1024x1024.png 1024w, https:\/\/leviacom.fr\/wp-content\/uploads\/2024\/03\/DepliantEMD_2-300x300.png 300w, https:\/\/leviacom.fr\/wp-content\/uploads\/2024\/03\/DepliantEMD_2-150x150.png 150w, https:\/\/leviacom.fr\/wp-content\/uploads\/2024\/03\/DepliantEMD_2-768x768.png 768w, https:\/\/leviacom.fr\/wp-content\/uploads\/2024\/03\/DepliantEMD_2-1536x1536.png 1536w, https:\/\/leviacom.fr\/wp-content\/uploads\/2024\/03\/DepliantEMD_2.png 1805w\" sizes=\"(max-width: 1024px) 100vw, 1024px\" \/><\/figure>\n<\/div><\/div>\n<\/div><\/div>\n\n\n\n<div class=\"wp-block-uagb-slider-child uagb-slider-child-wrap swiper-slide uagb-block-af2f8111\"><div class=\"swiper-content\">\n<div class=\"wp-block-uagb-container uagb-block-4294cbff alignfull uagb-is-root-container\"><div class=\"uagb-container-inner-blocks-wrap\">\n<figure class=\"wp-block-image size-large\"><img decoding=\"async\" width=\"1024\" height=\"1024\" src=\"https:\/\/leviacom.fr\/wp-content\/uploads\/2024\/03\/PosterSlugs-1024x1024.png\" alt=\"\" class=\"wp-image-109\" srcset=\"https:\/\/leviacom.fr\/wp-content\/uploads\/2024\/03\/PosterSlugs-1024x1024.png 1024w, https:\/\/leviacom.fr\/wp-content\/uploads\/2024\/03\/PosterSlugs-300x300.png 300w, https:\/\/leviacom.fr\/wp-content\/uploads\/2024\/03\/PosterSlugs-150x150.png 150w, https:\/\/leviacom.fr\/wp-content\/uploads\/2024\/03\/PosterSlugs-768x768.png 768w, https:\/\/leviacom.fr\/wp-content\/uploads\/2024\/03\/PosterSlugs-1536x1536.png 1536w, https:\/\/leviacom.fr\/wp-content\/uploads\/2024\/03\/PosterSlugs-2048x2048.png 2048w\" sizes=\"(max-width: 1024px) 100vw, 1024px\" \/><\/figure>\n<\/div><\/div>\n<\/div><\/div>\n<\/div><\/div><div class=\"swiper-pagination\"><\/div><div class=\"swiper-button-prev\"><\/div><div class=\"swiper-button-next\"><\/div><\/div>\n<\/div>\n\n\n\n<div class=\"wp-block-column is-vertically-aligned-center is-layout-flow wp-block-column-is-layout-flow\" style=\"flex-basis:50%\">\n<div class=\"wp-block-group has-global-padding is-content-justification-center is-layout-constrained wp-block-group-is-layout-constrained\">\n<h2 class=\"wp-block-heading\">Une passion pour l&rsquo;inconnu<\/h2>\n\n\n\n<p>Chaque cr\u00e9ation est propre \u00e0 elle m\u00eame, que ce soit dans sa r\u00e9alisation ou son cheminement de recherche pour la mener \u00e0 terme. J&rsquo;attend avec impatience toute nouvelle id\u00e9e que je n&rsquo;ai pas encore eu l&rsquo;occasion de r\u00e9aliser.<\/p>\n\n\n\n<p>D\u00e9couvrez mon portfolio ainsi que mes cr\u00e9ations personnelles pour vous faire une id\u00e9e de mon \u00e9ventail de possibilit\u00e9s.<\/p>\n\n\n\n<div class=\"wp-block-buttons is-layout-flex wp-block-buttons-is-layout-flex\">\n<div class=\"wp-block-button\"><a class=\"wp-block-button__link has-background wp-element-button\" href=\"https:\/\/leviacom.fr\/index.php\/portfolio\/\" style=\"border-radius:100px;background-color:#00334e\">D\u00e9couvrir mon portfolio<\/a><\/div>\n\n\n\n<div class=\"wp-block-button\"><a class=\"wp-block-button__link has-background wp-element-button\" href=\"https:\/\/leviacom.fr\/index.php\/creations\/\" style=\"border-radius:100px;background-color:#00334e\">D\u00e9couvrir mes cr\u00e9ations<\/a><\/div>\n<\/div>\n<\/div>\n<\/div>\n<\/div>\n\n\n\n<p><\/p>\n","protected":false},"excerpt":{"rendered":"<p>Conception La conception d&rsquo;un support visuel, quel qu&rsquo;il soit, n\u00e9cessite un travail de recherche et de veille pour pouvoir s&rsquo;adapter \u00e0 vos envies et au courant graphique actuel. Chaque support a ses r\u00e8gles de r\u00e9alisation. C&rsquo;est pourquoi, pour chacun de vos projets je vous propose la formule ad\u00e9quate. Flexibilit\u00e9 Gr\u00e2ce \u00e0 mes diff\u00e9rentes exp\u00e9riences, j&rsquo;ai [&hellip;]<\/p>\n","protected":false},"author":1,"featured_media":0,"parent":0,"menu_order":0,"comment_status":"closed","ping_status":"closed","template":"page-no-title","meta":{"_uag_custom_page_level_css":"","footnotes":""},"class_list":["post-41","page","type-page","status-publish","hentry"],"uagb_featured_image_src":{"full":false,"thumbnail":false,"medium":false,"medium_large":false,"large":false,"1536x1536":false,"2048x2048":false},"uagb_author_info":{"display_name":"LeviaCom","author_link":"https:\/\/leviacom.fr\/index.php\/author\/leviacom\/"},"uagb_comment_info":0,"uagb_excerpt":"Conception La conception d&rsquo;un support visuel, quel qu&rsquo;il soit, n\u00e9cessite un travail de recherche et de veille pour pouvoir s&rsquo;adapter \u00e0 vos envies et au courant graphique actuel. Chaque support a ses r\u00e8gles de r\u00e9alisation. C&rsquo;est pourquoi, pour chacun de vos projets je vous propose la formule ad\u00e9quate. Flexibilit\u00e9 Gr\u00e2ce \u00e0 mes diff\u00e9rentes exp\u00e9riences, j&rsquo;ai\u2026","_links":{"self":[{"href":"https:\/\/leviacom.fr\/index.php\/wp-json\/wp\/v2\/pages\/41","targetHints":{"allow":["GET"]}}],"collection":[{"href":"https:\/\/leviacom.fr\/index.php\/wp-json\/wp\/v2\/pages"}],"about":[{"href":"https:\/\/leviacom.fr\/index.php\/wp-json\/wp\/v2\/types\/page"}],"author":[{"embeddable":true,"href":"https:\/\/leviacom.fr\/index.php\/wp-json\/wp\/v2\/users\/1"}],"replies":[{"embeddable":true,"href":"https:\/\/leviacom.fr\/index.php\/wp-json\/wp\/v2\/comments?post=41"}],"version-history":[{"count":72,"href":"https:\/\/leviacom.fr\/index.php\/wp-json\/wp\/v2\/pages\/41\/revisions"}],"predecessor-version":[{"id":512,"href":"https:\/\/leviacom.fr\/index.php\/wp-json\/wp\/v2\/pages\/41\/revisions\/512"}],"wp:attachment":[{"href":"https:\/\/leviacom.fr\/index.php\/wp-json\/wp\/v2\/media?parent=41"}],"curies":[{"name":"wp","href":"https:\/\/api.w.org\/{rel}","templated":true}]}}