{"id":64,"date":"2024-03-21T14:38:38","date_gmt":"2024-03-21T13:38:38","guid":{"rendered":"https:\/\/leviacom.fr\/?page_id=64"},"modified":"2026-03-06T16:55:24","modified_gmt":"2026-03-06T15:55:24","slug":"services","status":"publish","type":"page","link":"https:\/\/leviacom.fr\/index.php\/services\/","title":{"rendered":"Services"},"content":{"rendered":"\n<div class=\"wp-block-columns alignwide is-layout-flex wp-container-core-columns-is-layout-7fc3d43a wp-block-columns-is-layout-flex\">\n<div class=\"wp-block-column is-layout-flow wp-block-column-is-layout-flow\" style=\"flex-basis:33.33%\">\n<figure data-wp-context=\"{&quot;imageId&quot;:&quot;69ded48e990ff&quot;}\" data-wp-interactive=\"core\/image\" data-wp-key=\"69ded48e990ff\" class=\"wp-block-image size-large wp-lightbox-container\"><img decoding=\"async\" width=\"1024\" height=\"1024\" data-wp-class--hide=\"state.isContentHidden\" data-wp-class--show=\"state.isContentVisible\" data-wp-init=\"callbacks.setButtonStyles\" data-wp-on--click=\"actions.showLightbox\" data-wp-on--load=\"callbacks.setButtonStyles\" data-wp-on-window--resize=\"callbacks.setButtonStyles\" src=\"http:\/\/leviacom.fr\/wp-content\/uploads\/2024\/03\/ArtEnSeine-1024x1024.png\" alt=\"\" class=\"wp-image-146\" srcset=\"https:\/\/leviacom.fr\/wp-content\/uploads\/2024\/03\/ArtEnSeine-1024x1024.png 1024w, https:\/\/leviacom.fr\/wp-content\/uploads\/2024\/03\/ArtEnSeine-300x300.png 300w, https:\/\/leviacom.fr\/wp-content\/uploads\/2024\/03\/ArtEnSeine-150x150.png 150w, https:\/\/leviacom.fr\/wp-content\/uploads\/2024\/03\/ArtEnSeine-768x768.png 768w, https:\/\/leviacom.fr\/wp-content\/uploads\/2024\/03\/ArtEnSeine-1536x1536.png 1536w, https:\/\/leviacom.fr\/wp-content\/uploads\/2024\/03\/ArtEnSeine.png 2000w\" sizes=\"(max-width: 1024px) 100vw, 1024px\" \/><button\n\t\t\tclass=\"lightbox-trigger\"\n\t\t\ttype=\"button\"\n\t\t\taria-haspopup=\"dialog\"\n\t\t\taria-label=\"Agrandir\"\n\t\t\tdata-wp-init=\"callbacks.initTriggerButton\"\n\t\t\tdata-wp-on--click=\"actions.showLightbox\"\n\t\t\tdata-wp-style--right=\"state.imageButtonRight\"\n\t\t\tdata-wp-style--top=\"state.imageButtonTop\"\n\t\t>\n\t\t\t<svg xmlns=\"http:\/\/www.w3.org\/2000\/svg\" width=\"12\" height=\"12\" fill=\"none\" viewBox=\"0 0 12 12\">\n\t\t\t\t<path fill=\"#fff\" d=\"M2 0a2 2 0 0 0-2 2v2h1.5V2a.5.5 0 0 1 .5-.5h2V0H2Zm2 10.5H2a.5.5 0 0 1-.5-.5V8H0v2a2 2 0 0 0 2 2h2v-1.5ZM8 12v-1.5h2a.5.5 0 0 0 .5-.5V8H12v2a2 2 0 0 1-2 2H8Zm2-12a2 2 0 0 1 2 2v2h-1.5V2a.5.5 0 0 0-.5-.5H8V0h2Z\" \/>\n\t\t\t<\/svg>\n\t\t<\/button><\/figure>\n<\/div>\n\n\n\n<div class=\"wp-block-column is-vertically-aligned-center is-layout-flow wp-block-column-is-layout-flow\" style=\"flex-basis:66.66%\">\n<h2 class=\"wp-block-heading\">Logo et Charte graphique<\/h2>\n\n\n\n<p>L&rsquo;identit\u00e9 visuelle de votre entreprise se d\u00e9finit par votre logo. Avec un logo qui repr\u00e9sente votre structure et vos valeurs vous serez reconnaissable au premier coup d&rsquo;\u0153il.<\/p>\n\n\n\n<p>La charte graphique permettras de mettre en corr\u00e9lation tous vos supports. Qu&rsquo;elles soient imprim\u00e9es ou digital, la coh\u00e9rence entre toutes vos r\u00e9alisations permettra de solidifier votre image.<\/p>\n\n\n\n<p>\u00c0 eux deux, ils forment les piliers de toutes votre communication future.<\/p>\n\n\n\n<div class=\"wp-block-buttons is-content-justification-center is-layout-flex wp-container-core-buttons-is-layout-a89b3969 wp-block-buttons-is-layout-flex\">\n<div class=\"wp-block-button\"><a class=\"wp-block-button__link has-background wp-element-button\" href=\"https:\/\/leviacom.fr\/index.php\/contact\/\" style=\"border-radius:100px;background-color:#00334e\">Demander un devis<\/a><\/div>\n<\/div>\n<\/div>\n<\/div>\n\n\n\n<div style=\"height:60px\" aria-hidden=\"true\" class=\"wp-block-spacer\"><\/div>\n\n\n\n<div class=\"wp-block-columns alignwide is-layout-flex wp-container-core-columns-is-layout-7fc3d43a wp-block-columns-is-layout-flex\">\n<div class=\"wp-block-column is-vertically-aligned-center is-layout-flow wp-block-column-is-layout-flow\" style=\"flex-basis:66.66%\">\n<h2 class=\"wp-block-heading has-text-align-right\">Affiche et Flyer<\/h2>\n\n\n\n<p class=\"has-text-align-right\">Que ce soit pour promouvoir un \u00e9v\u00e8nement, pr\u00e9senter un nouveau service ou produit, les affiches et les flyers sont des \u00e9l\u00e9ments de communication qui peuvent s&rsquo;av\u00e9rer tr\u00e8s b\u00e9n\u00e9fiques.<\/p>\n\n\n\n<p class=\"has-text-align-right\">Ils permettent une mise en lumi\u00e8re efficace de par leur polyvalence. Que ce soit au sein de diff\u00e9rents commerces ou sur du mobilier d&rsquo;affichage, nombreux sont ceux qui pourrons apercevoir vos affiches et\/ou flyers<\/p>\n\n\n\n<div class=\"wp-block-buttons is-content-justification-center is-layout-flex wp-container-core-buttons-is-layout-a89b3969 wp-block-buttons-is-layout-flex\">\n<div class=\"wp-block-button\"><a class=\"wp-block-button__link has-background wp-element-button\" href=\"https:\/\/leviacom.fr\/index.php\/contact\/\" style=\"border-radius:100px;background-color:#00334e\">Demander un devis<\/a><\/div>\n<\/div>\n<\/div>\n\n\n\n<div class=\"wp-block-column is-layout-flow wp-block-column-is-layout-flow\" style=\"flex-basis:33.33%\">\n<figure data-wp-context=\"{&quot;imageId&quot;:&quot;69ded48e9a9b2&quot;}\" data-wp-interactive=\"core\/image\" data-wp-key=\"69ded48e9a9b2\" class=\"wp-block-image size-large wp-lightbox-container\"><img decoding=\"async\" width=\"1024\" height=\"1024\" data-wp-class--hide=\"state.isContentHidden\" data-wp-class--show=\"state.isContentVisible\" data-wp-init=\"callbacks.setButtonStyles\" data-wp-on--click=\"actions.showLightbox\" data-wp-on--load=\"callbacks.setButtonStyles\" data-wp-on-window--resize=\"callbacks.setButtonStyles\" src=\"https:\/\/leviacom.fr\/wp-content\/uploads\/2024\/03\/Halloween2022-1024x1024.jpg\" alt=\"\" class=\"wp-image-140\" srcset=\"https:\/\/leviacom.fr\/wp-content\/uploads\/2024\/03\/Halloween2022-1024x1024.jpg 1024w, https:\/\/leviacom.fr\/wp-content\/uploads\/2024\/03\/Halloween2022-300x300.jpg 300w, https:\/\/leviacom.fr\/wp-content\/uploads\/2024\/03\/Halloween2022-150x150.jpg 150w, https:\/\/leviacom.fr\/wp-content\/uploads\/2024\/03\/Halloween2022-768x768.jpg 768w, https:\/\/leviacom.fr\/wp-content\/uploads\/2024\/03\/Halloween2022-1536x1536.jpg 1536w, https:\/\/leviacom.fr\/wp-content\/uploads\/2024\/03\/Halloween2022.jpg 1920w\" sizes=\"(max-width: 1024px) 100vw, 1024px\" \/><button\n\t\t\tclass=\"lightbox-trigger\"\n\t\t\ttype=\"button\"\n\t\t\taria-haspopup=\"dialog\"\n\t\t\taria-label=\"Agrandir\"\n\t\t\tdata-wp-init=\"callbacks.initTriggerButton\"\n\t\t\tdata-wp-on--click=\"actions.showLightbox\"\n\t\t\tdata-wp-style--right=\"state.imageButtonRight\"\n\t\t\tdata-wp-style--top=\"state.imageButtonTop\"\n\t\t>\n\t\t\t<svg xmlns=\"http:\/\/www.w3.org\/2000\/svg\" width=\"12\" height=\"12\" fill=\"none\" viewBox=\"0 0 12 12\">\n\t\t\t\t<path fill=\"#fff\" d=\"M2 0a2 2 0 0 0-2 2v2h1.5V2a.5.5 0 0 1 .5-.5h2V0H2Zm2 10.5H2a.5.5 0 0 1-.5-.5V8H0v2a2 2 0 0 0 2 2h2v-1.5ZM8 12v-1.5h2a.5.5 0 0 0 .5-.5V8H12v2a2 2 0 0 1-2 2H8Zm2-12a2 2 0 0 1 2 2v2h-1.5V2a.5.5 0 0 0-.5-.5H8V0h2Z\" \/>\n\t\t\t<\/svg>\n\t\t<\/button><\/figure>\n<\/div>\n<\/div>\n\n\n\n<div style=\"height:60px\" aria-hidden=\"true\" class=\"wp-block-spacer\"><\/div>\n\n\n\n<div class=\"wp-block-columns alignwide is-layout-flex wp-container-core-columns-is-layout-7fc3d43a wp-block-columns-is-layout-flex\">\n<div class=\"wp-block-column is-layout-flow wp-block-column-is-layout-flow\" style=\"flex-basis:33.33%\">\n<figure data-wp-context=\"{&quot;imageId&quot;:&quot;69ded48e9af4a&quot;}\" data-wp-interactive=\"core\/image\" data-wp-key=\"69ded48e9af4a\" class=\"wp-block-image size-large wp-lightbox-container\"><img decoding=\"async\" width=\"1024\" height=\"1024\" data-wp-class--hide=\"state.isContentHidden\" data-wp-class--show=\"state.isContentVisible\" data-wp-init=\"callbacks.setButtonStyles\" data-wp-on--click=\"actions.showLightbox\" data-wp-on--load=\"callbacks.setButtonStyles\" data-wp-on-window--resize=\"callbacks.setButtonStyles\" src=\"http:\/\/leviacom.fr\/wp-content\/uploads\/2024\/03\/DepliantEMD_2-1024x1024.png\" alt=\"\" class=\"wp-image-108\" srcset=\"https:\/\/leviacom.fr\/wp-content\/uploads\/2024\/03\/DepliantEMD_2-1024x1024.png 1024w, https:\/\/leviacom.fr\/wp-content\/uploads\/2024\/03\/DepliantEMD_2-300x300.png 300w, https:\/\/leviacom.fr\/wp-content\/uploads\/2024\/03\/DepliantEMD_2-150x150.png 150w, https:\/\/leviacom.fr\/wp-content\/uploads\/2024\/03\/DepliantEMD_2-768x768.png 768w, https:\/\/leviacom.fr\/wp-content\/uploads\/2024\/03\/DepliantEMD_2-1536x1536.png 1536w, https:\/\/leviacom.fr\/wp-content\/uploads\/2024\/03\/DepliantEMD_2.png 1805w\" sizes=\"(max-width: 1024px) 100vw, 1024px\" \/><button\n\t\t\tclass=\"lightbox-trigger\"\n\t\t\ttype=\"button\"\n\t\t\taria-haspopup=\"dialog\"\n\t\t\taria-label=\"Agrandir\"\n\t\t\tdata-wp-init=\"callbacks.initTriggerButton\"\n\t\t\tdata-wp-on--click=\"actions.showLightbox\"\n\t\t\tdata-wp-style--right=\"state.imageButtonRight\"\n\t\t\tdata-wp-style--top=\"state.imageButtonTop\"\n\t\t>\n\t\t\t<svg xmlns=\"http:\/\/www.w3.org\/2000\/svg\" width=\"12\" height=\"12\" fill=\"none\" viewBox=\"0 0 12 12\">\n\t\t\t\t<path fill=\"#fff\" d=\"M2 0a2 2 0 0 0-2 2v2h1.5V2a.5.5 0 0 1 .5-.5h2V0H2Zm2 10.5H2a.5.5 0 0 1-.5-.5V8H0v2a2 2 0 0 0 2 2h2v-1.5ZM8 12v-1.5h2a.5.5 0 0 0 .5-.5V8H12v2a2 2 0 0 1-2 2H8Zm2-12a2 2 0 0 1 2 2v2h-1.5V2a.5.5 0 0 0-.5-.5H8V0h2Z\" \/>\n\t\t\t<\/svg>\n\t\t<\/button><\/figure>\n<\/div>\n\n\n\n<div class=\"wp-block-column is-vertically-aligned-center is-layout-flow wp-block-column-is-layout-flow\" style=\"flex-basis:66.66%\">\n<h2 class=\"wp-block-heading\">Support imprim\u00e9<\/h2>\n\n\n\n<p>Votre communication peut passer par divers supports imprim\u00e9s selon vos besoins. Qu&rsquo;il s&rsquo;agisse de d\u00e9pliants, cartes de visite, stickers, brochures, catalogues ou toute autre id\u00e9e que vous pourriez avoir en t\u00eate, je serais \u00e0 votre \u00e9coute pour vous offrir un rendu qui corresponde \u00e0 vos valeurs.<\/p>\n\n\n\n<div class=\"wp-block-buttons is-content-justification-center is-layout-flex wp-container-core-buttons-is-layout-a89b3969 wp-block-buttons-is-layout-flex\">\n<div class=\"wp-block-button\"><a class=\"wp-block-button__link has-background wp-element-button\" href=\"https:\/\/leviacom.fr\/index.php\/contact\/\" style=\"border-radius:100px;background-color:#00334e\">Demander un devis<\/a><\/div>\n<\/div>\n<\/div>\n<\/div>\n\n\n\n<div style=\"height:60px\" aria-hidden=\"true\" class=\"wp-block-spacer\"><\/div>\n\n\n\n<div class=\"wp-block-columns alignwide is-layout-flex wp-container-core-columns-is-layout-7fc3d43a wp-block-columns-is-layout-flex\">\n<div class=\"wp-block-column is-vertically-aligned-center is-layout-flow wp-block-column-is-layout-flow\" style=\"flex-basis:66.66%\">\n<h2 class=\"wp-block-heading has-text-align-right\">Signal\u00e9tique<\/h2>\n\n\n\n<p class=\"has-text-align-right\">La signal\u00e9tique comprend un large panel de choix pour satisfaire vos besoins. L\u00e0 o\u00f9 les supports imprim\u00e9s plus l\u00e9gers comme les affiches et les flyers ont vocation \u00e0 ne pas durer, les supports de signal\u00e9tique sont vou\u00e9s \u00e0 \u00eatre beaucoup plus durables.<\/p>\n\n\n\n<div class=\"wp-block-buttons is-content-justification-center is-layout-flex wp-container-core-buttons-is-layout-a89b3969 wp-block-buttons-is-layout-flex\">\n<div class=\"wp-block-button\"><a class=\"wp-block-button__link has-background wp-element-button\" href=\"https:\/\/leviacom.fr\/index.php\/contact\/\" style=\"border-radius:100px;background-color:#00334e\">Demander un devis<\/a><\/div>\n<\/div>\n<\/div>\n\n\n\n<div class=\"wp-block-column is-layout-flow wp-block-column-is-layout-flow\" style=\"flex-basis:33.33%\">\n<figure data-wp-context=\"{&quot;imageId&quot;:&quot;69ded48e9b8c4&quot;}\" data-wp-interactive=\"core\/image\" data-wp-key=\"69ded48e9b8c4\" class=\"wp-block-image size-large is-resized wp-lightbox-container\"><img decoding=\"async\" width=\"1024\" height=\"1024\" data-wp-class--hide=\"state.isContentHidden\" data-wp-class--show=\"state.isContentVisible\" data-wp-init=\"callbacks.setButtonStyles\" data-wp-on--click=\"actions.showLightbox\" data-wp-on--load=\"callbacks.setButtonStyles\" data-wp-on-window--resize=\"callbacks.setButtonStyles\" src=\"http:\/\/leviacom.fr\/wp-content\/uploads\/2024\/03\/Kakemono1-1024x1024.jpg\" alt=\"\" class=\"wp-image-225\" style=\"width:300px;height:auto\" srcset=\"https:\/\/leviacom.fr\/wp-content\/uploads\/2024\/03\/Kakemono1-1024x1024.jpg 1024w, https:\/\/leviacom.fr\/wp-content\/uploads\/2024\/03\/Kakemono1-300x300.jpg 300w, https:\/\/leviacom.fr\/wp-content\/uploads\/2024\/03\/Kakemono1-150x150.jpg 150w, https:\/\/leviacom.fr\/wp-content\/uploads\/2024\/03\/Kakemono1-768x768.jpg 768w, https:\/\/leviacom.fr\/wp-content\/uploads\/2024\/03\/Kakemono1-1536x1536.jpg 1536w, https:\/\/leviacom.fr\/wp-content\/uploads\/2024\/03\/Kakemono1.jpg 1920w\" sizes=\"(max-width: 1024px) 100vw, 1024px\" \/><button\n\t\t\tclass=\"lightbox-trigger\"\n\t\t\ttype=\"button\"\n\t\t\taria-haspopup=\"dialog\"\n\t\t\taria-label=\"Agrandir\"\n\t\t\tdata-wp-init=\"callbacks.initTriggerButton\"\n\t\t\tdata-wp-on--click=\"actions.showLightbox\"\n\t\t\tdata-wp-style--right=\"state.imageButtonRight\"\n\t\t\tdata-wp-style--top=\"state.imageButtonTop\"\n\t\t>\n\t\t\t<svg xmlns=\"http:\/\/www.w3.org\/2000\/svg\" width=\"12\" height=\"12\" fill=\"none\" viewBox=\"0 0 12 12\">\n\t\t\t\t<path fill=\"#fff\" d=\"M2 0a2 2 0 0 0-2 2v2h1.5V2a.5.5 0 0 1 .5-.5h2V0H2Zm2 10.5H2a.5.5 0 0 1-.5-.5V8H0v2a2 2 0 0 0 2 2h2v-1.5ZM8 12v-1.5h2a.5.5 0 0 0 .5-.5V8H12v2a2 2 0 0 1-2 2H8Zm2-12a2 2 0 0 1 2 2v2h-1.5V2a.5.5 0 0 0-.5-.5H8V0h2Z\" \/>\n\t\t\t<\/svg>\n\t\t<\/button><\/figure>\n<\/div>\n<\/div>\n","protected":false},"excerpt":{"rendered":"<p>Logo et Charte graphique L&rsquo;identit\u00e9 visuelle de votre entreprise se d\u00e9finit par votre logo. Avec un logo qui repr\u00e9sente votre structure et vos valeurs vous serez reconnaissable au premier coup d&rsquo;\u0153il. La charte graphique permettras de mettre en corr\u00e9lation tous vos supports. Qu&rsquo;elles soient imprim\u00e9es ou digital, la coh\u00e9rence entre toutes vos r\u00e9alisations permettra de [&hellip;]<\/p>\n","protected":false},"author":1,"featured_media":0,"parent":0,"menu_order":0,"comment_status":"closed","ping_status":"closed","template":"","meta":{"_uag_custom_page_level_css":"","footnotes":""},"class_list":["post-64","page","type-page","status-publish","hentry"],"uagb_featured_image_src":{"full":false,"thumbnail":false,"medium":false,"medium_large":false,"large":false,"1536x1536":false,"2048x2048":false},"uagb_author_info":{"display_name":"LeviaCom","author_link":"https:\/\/leviacom.fr\/index.php\/author\/leviacom\/"},"uagb_comment_info":0,"uagb_excerpt":"Logo et Charte graphique L&rsquo;identit\u00e9 visuelle de votre entreprise se d\u00e9finit par votre logo. Avec un logo qui repr\u00e9sente votre structure et vos valeurs vous serez reconnaissable au premier coup d&rsquo;\u0153il. La charte graphique permettras de mettre en corr\u00e9lation tous vos supports. Qu&rsquo;elles soient imprim\u00e9es ou digital, la coh\u00e9rence entre toutes vos r\u00e9alisations permettra de\u2026","_links":{"self":[{"href":"https:\/\/leviacom.fr\/index.php\/wp-json\/wp\/v2\/pages\/64","targetHints":{"allow":["GET"]}}],"collection":[{"href":"https:\/\/leviacom.fr\/index.php\/wp-json\/wp\/v2\/pages"}],"about":[{"href":"https:\/\/leviacom.fr\/index.php\/wp-json\/wp\/v2\/types\/page"}],"author":[{"embeddable":true,"href":"https:\/\/leviacom.fr\/index.php\/wp-json\/wp\/v2\/users\/1"}],"replies":[{"embeddable":true,"href":"https:\/\/leviacom.fr\/index.php\/wp-json\/wp\/v2\/comments?post=64"}],"version-history":[{"count":25,"href":"https:\/\/leviacom.fr\/index.php\/wp-json\/wp\/v2\/pages\/64\/revisions"}],"predecessor-version":[{"id":550,"href":"https:\/\/leviacom.fr\/index.php\/wp-json\/wp\/v2\/pages\/64\/revisions\/550"}],"wp:attachment":[{"href":"https:\/\/leviacom.fr\/index.php\/wp-json\/wp\/v2\/media?parent=64"}],"curies":[{"name":"wp","href":"https:\/\/api.w.org\/{rel}","templated":true}]}}